{"id":2898,"date":"2020-11-03T15:36:04","date_gmt":"2020-11-03T14:36:04","guid":{"rendered":"https:\/\/encoded.dk\/vare\/laguna-beige\/"},"modified":"2020-11-16T13:46:45","modified_gmt":"2020-11-16T12:46:45","slug":"laguna-beige","status":"publish","type":"product","link":"https:\/\/encoded.dk\/en\/product\/laguna-beige\/","title":{"rendered":"Laguna carpet"},"content":{"rendered":"","protected":false},"excerpt":{"rendered":"<p>Vores Laguna T\u00e6ppe med Sisal look er designet specielt til at skabe en dejlig, ribbet tekstur, der passer perfekt til alle opholdsomr\u00e5der. En kontrasterende s\u00f8m giver ekstra struktur, som yderligere fremh\u00e6ver design looket.<\/p>\n<p>\u2022 Polypropylen er kendt for sin holdbarhed<\/p>\n<p>\u2022 Testet ved brandh\u00e6mmende og antistatiske egenskaber<\/p>\n<p>\u2022 For at fjerne pletter skal du fugte den farvede sektion (gnid ikke) med en bl\u00f8d, absorberende klud. Brug en opl\u00f8sning af bl\u00f8d s\u00e6be og vand til at fjerne snavsede pletter.<\/p>\n<p>\u2022 Fremstillet i Belgien<\/p>\n","protected":false},"featured_media":2597,"template":"","meta":{"site-sidebar-layout":"default","site-content-layout":"default","ast-site-content-layout":"default","site-content-style":"default","site-sidebar-style":"default","ast-global-header-display":"","ast-banner-title-visibility":"","ast-main-header-display":"","ast-hfb-above-header-display":"","ast-hfb-below-header-display":"","ast-hfb-mobile-header-display":"","site-post-title":"","ast-breadcrumbs-content":"","ast-featured-img":"","footer-sml-layout":"","ast-disable-related-posts":"","theme-transparent-header-meta":"default","adv-header-id-meta":"","stick-header-meta":"default","header-above-stick-meta":"","header-main-stick-meta":"","header-below-stick-meta":"","astra-migrate-meta-layouts":"default","ast-page-background-enabled":"default","ast-page-background-meta":{"desktop":{"background-color":"","background-image":"","background-repeat":"repeat","background-position":"center center","background-size":"auto","background-attachment":"scroll","background-type":"","background-media":"","overlay-type":"","overlay-color":"","overlay-opacity":"","overlay-gradient":""},"tablet":{"background-color":"","background-image":"","background-repeat":"repeat","background-position":"center center","background-size":"auto","background-attachment":"scroll","background-type":"","background-media":"","overlay-type":"","overlay-color":"","overlay-opacity":"","overlay-gradient":""},"mobile":{"background-color":"","background-image":"","background-repeat":"repeat","background-position":"center center","background-size":"auto","background-attachment":"scroll","background-type":"","background-media":"","overlay-type":"","overlay-color":"","overlay-opacity":"","overlay-gradient":""}},"ast-content-background-meta":{"desktop":{"background-color":"var(--ast-global-color-5)","background-image":"","background-repeat":"repeat","background-position":"center center","background-size":"auto","background-attachment":"scroll","background-type":"","background-media":"","overlay-type":"","overlay-color":"","overlay-opacity":"","overlay-gradient":""},"tablet":{"background-color":"var(--ast-global-color-5)","background-image":"","background-repeat":"repeat","background-position":"center center","background-size":"auto","background-attachment":"scroll","background-type":"","background-media":"","overlay-type":"","overlay-color":"","overlay-opacity":"","overlay-gradient":""},"mobile":{"background-color":"var(--ast-global-color-5)","background-image":"","background-repeat":"repeat","background-position":"center center","background-size":"auto","background-attachment":"scroll","background-type":"","background-media":"","overlay-type":"","overlay-color":"","overlay-opacity":"","overlay-gradient":""}}},"product_brand":[],"product_cat":[160,72,76,84],"product_tag":[],"class_list":{"0":"post-2898","1":"product","2":"type-product","3":"status-publish","4":"has-post-thumbnail","6":"product_cat-carpets","7":"product_cat-interior","8":"product_cat-outdoor","9":"product_cat-outdoor-2","10":"desktop-align-center","11":"tablet-align-center","12":"mobile-align-center","13":"ast-product-gallery-layout-horizontal-slider","14":"ast-product-single-variable","15":"ast-product-tabs-layout-horizontal","17":"first","18":"instock","19":"taxable","20":"shipping-taxable","21":"purchasable","22":"product-type-variable"},"yoast_head":"<!-- This site is optimized with the Yoast SEO Premium plugin v27.2 (Yoast SEO v27.2) - https:\/\/yoast.com\/product\/yoast-seo-premium-wordpress\/ -->\n<title>Laguna carpet - Encoded<\/title>\n<meta name=\"description\" content=\"Laugana beige t\u00e6ppe er b\u00e5de til uden og indend\u00f8rsbrug. T\u00e6ppet har f\u00e5et en special behandling med polyproplen findes i 3 str.\" \/>\n<meta name=\"robots\" content=\"index, follow, max-snippet:-1, max-image-preview:large, max-video-preview:-1\" \/>\n<link rel=\"canonical\" href=\"https:\/\/encoded.dk\/en\/product\/laguna-beige\/\" \/>\n<meta property=\"og:locale\" content=\"en_US\" \/>\n<meta property=\"og:type\" content=\"article\" \/>\n<meta property=\"og:title\" content=\"Laguna carpet\" \/>\n<meta property=\"og:description\" content=\"Laugana beige t\u00e6ppe er b\u00e5de til uden og indend\u00f8rsbrug. T\u00e6ppet har f\u00e5et en special behandling med polyproplen findes i 3 str.\" \/>\n<meta property=\"og:url\" content=\"https:\/\/encoded.dk\/en\/product\/laguna-beige\/\" \/>\n<meta property=\"og:site_name\" content=\"Encoded\" \/>\n<meta property=\"article:publisher\" content=\"https:\/\/www.facebook.com\/www.encoded.dk\" \/>\n<meta property=\"article:modified_time\" content=\"2020-11-16T12:46:45+00:00\" \/>\n<meta property=\"og:image\" content=\"https:\/\/encoded.dk\/wp-content\/uploads\/2020\/11\/LAGUNA-BEIGE.jpg\" \/>\n\t<meta property=\"og:image:width\" content=\"1500\" \/>\n\t<meta property=\"og:image:height\" content=\"2250\" \/>\n\t<meta property=\"og:image:type\" content=\"image\/jpeg\" \/>\n<meta name=\"twitter:card\" content=\"summary_large_image\" \/>\n<script type=\"application\/ld+json\" class=\"yoast-schema-graph\">{\"@context\":\"https:\/\/schema.org\",\"@graph\":[{\"@type\":\"WebPage\",\"@id\":\"https:\/\/encoded.dk\/en\/product\/laguna-beige\/\",\"url\":\"https:\/\/encoded.dk\/en\/product\/laguna-beige\/\",\"name\":\"Laguna carpet - Encoded\",\"isPartOf\":{\"@id\":\"https:\/\/encoded.dk\/en\/#website\"},\"primaryImageOfPage\":{\"@id\":\"https:\/\/encoded.dk\/en\/product\/laguna-beige\/#primaryimage\"},\"image\":{\"@id\":\"https:\/\/encoded.dk\/en\/product\/laguna-beige\/#primaryimage\"},\"thumbnailUrl\":\"https:\/\/encoded.dk\/wp-content\/uploads\/2020\/11\/LAGUNA-BEIGE.jpg\",\"datePublished\":\"2020-11-03T14:36:04+00:00\",\"dateModified\":\"2020-11-16T12:46:45+00:00\",\"description\":\"Laugana beige t\u00e6ppe er b\u00e5de til uden og indend\u00f8rsbrug. T\u00e6ppet har f\u00e5et en special behandling med polyproplen findes i 3 str.\",\"breadcrumb\":{\"@id\":\"https:\/\/encoded.dk\/en\/product\/laguna-beige\/#breadcrumb\"},\"inLanguage\":\"en-US\",\"potentialAction\":[{\"@type\":\"ReadAction\",\"target\":[\"https:\/\/encoded.dk\/en\/product\/laguna-beige\/\"]}]},{\"@type\":\"ImageObject\",\"inLanguage\":\"en-US\",\"@id\":\"https:\/\/encoded.dk\/en\/product\/laguna-beige\/#primaryimage\",\"url\":\"https:\/\/encoded.dk\/wp-content\/uploads\/2020\/11\/LAGUNA-BEIGE.jpg\",\"contentUrl\":\"https:\/\/encoded.dk\/wp-content\/uploads\/2020\/11\/LAGUNA-BEIGE.jpg\",\"width\":1500,\"height\":2250},{\"@type\":\"BreadcrumbList\",\"@id\":\"https:\/\/encoded.dk\/en\/product\/laguna-beige\/#breadcrumb\",\"itemListElement\":[{\"@type\":\"ListItem\",\"position\":1,\"name\":\"Home\",\"item\":\"https:\/\/encoded.dk\/en\/\"},{\"@type\":\"ListItem\",\"position\":2,\"name\":\"Shop\",\"item\":\"https:\/\/encoded.dk\/en\/shop\/\"},{\"@type\":\"ListItem\",\"position\":3,\"name\":\"Laguna carpet\"}]},{\"@type\":\"WebSite\",\"@id\":\"https:\/\/encoded.dk\/en\/#website\",\"url\":\"https:\/\/encoded.dk\/en\/\",\"name\":\"Encoded\",\"description\":\"Because design matters\",\"publisher\":{\"@id\":\"https:\/\/encoded.dk\/en\/#organization\"},\"potentialAction\":[{\"@type\":\"SearchAction\",\"target\":{\"@type\":\"EntryPoint\",\"urlTemplate\":\"https:\/\/encoded.dk\/en\/?s={search_term_string}\"},\"query-input\":{\"@type\":\"PropertyValueSpecification\",\"valueRequired\":true,\"valueName\":\"search_term_string\"}}],\"inLanguage\":\"en-US\"},{\"@type\":\"Organization\",\"@id\":\"https:\/\/encoded.dk\/en\/#organization\",\"name\":\"Encoded\",\"url\":\"https:\/\/encoded.dk\/en\/\",\"logo\":{\"@type\":\"ImageObject\",\"inLanguage\":\"en-US\",\"@id\":\"https:\/\/encoded.dk\/en\/#\/schema\/logo\/image\/\",\"url\":\"https:\/\/encoded.dk\/wp-content\/uploads\/2022\/05\/cropped-encoded-logo-e1652701795773.jpg\",\"contentUrl\":\"https:\/\/encoded.dk\/wp-content\/uploads\/2022\/05\/cropped-encoded-logo-e1652701795773.jpg\",\"width\":500,\"height\":273,\"caption\":\"Encoded\"},\"image\":{\"@id\":\"https:\/\/encoded.dk\/en\/#\/schema\/logo\/image\/\"},\"sameAs\":[\"https:\/\/www.facebook.com\/www.encoded.dk\",\"https:\/\/www.instagram.com\/encodeddesignstudio\/\"]}]}<\/script>\n<!-- \/ Yoast SEO Premium plugin. -->","yoast_head_json":{"title":"Laguna carpet - Encoded","description":"Laugana beige t\u00e6ppe er b\u00e5de til uden og indend\u00f8rsbrug. T\u00e6ppet har f\u00e5et en special behandling med polyproplen findes i 3 str.","robots":{"index":"index","follow":"follow","max-snippet":"max-snippet:-1","max-image-preview":"max-image-preview:large","max-video-preview":"max-video-preview:-1"},"canonical":"https:\/\/encoded.dk\/en\/product\/laguna-beige\/","og_locale":"en_US","og_type":"article","og_title":"Laguna carpet","og_description":"Laugana beige t\u00e6ppe er b\u00e5de til uden og indend\u00f8rsbrug. T\u00e6ppet har f\u00e5et en special behandling med polyproplen findes i 3 str.","og_url":"https:\/\/encoded.dk\/en\/product\/laguna-beige\/","og_site_name":"Encoded","article_publisher":"https:\/\/www.facebook.com\/www.encoded.dk","article_modified_time":"2020-11-16T12:46:45+00:00","og_image":[{"width":1500,"height":2250,"url":"https:\/\/encoded.dk\/wp-content\/uploads\/2020\/11\/LAGUNA-BEIGE.jpg","type":"image\/jpeg"}],"twitter_card":"summary_large_image","schema":{"@context":"https:\/\/schema.org","@graph":[{"@type":"WebPage","@id":"https:\/\/encoded.dk\/en\/product\/laguna-beige\/","url":"https:\/\/encoded.dk\/en\/product\/laguna-beige\/","name":"Laguna carpet - Encoded","isPartOf":{"@id":"https:\/\/encoded.dk\/en\/#website"},"primaryImageOfPage":{"@id":"https:\/\/encoded.dk\/en\/product\/laguna-beige\/#primaryimage"},"image":{"@id":"https:\/\/encoded.dk\/en\/product\/laguna-beige\/#primaryimage"},"thumbnailUrl":"https:\/\/encoded.dk\/wp-content\/uploads\/2020\/11\/LAGUNA-BEIGE.jpg","datePublished":"2020-11-03T14:36:04+00:00","dateModified":"2020-11-16T12:46:45+00:00","description":"Laugana beige t\u00e6ppe er b\u00e5de til uden og indend\u00f8rsbrug. T\u00e6ppet har f\u00e5et en special behandling med polyproplen findes i 3 str.","breadcrumb":{"@id":"https:\/\/encoded.dk\/en\/product\/laguna-beige\/#breadcrumb"},"inLanguage":"en-US","potentialAction":[{"@type":"ReadAction","target":["https:\/\/encoded.dk\/en\/product\/laguna-beige\/"]}]},{"@type":"ImageObject","inLanguage":"en-US","@id":"https:\/\/encoded.dk\/en\/product\/laguna-beige\/#primaryimage","url":"https:\/\/encoded.dk\/wp-content\/uploads\/2020\/11\/LAGUNA-BEIGE.jpg","contentUrl":"https:\/\/encoded.dk\/wp-content\/uploads\/2020\/11\/LAGUNA-BEIGE.jpg","width":1500,"height":2250},{"@type":"BreadcrumbList","@id":"https:\/\/encoded.dk\/en\/product\/laguna-beige\/#breadcrumb","itemListElement":[{"@type":"ListItem","position":1,"name":"Home","item":"https:\/\/encoded.dk\/en\/"},{"@type":"ListItem","position":2,"name":"Shop","item":"https:\/\/encoded.dk\/en\/shop\/"},{"@type":"ListItem","position":3,"name":"Laguna carpet"}]},{"@type":"WebSite","@id":"https:\/\/encoded.dk\/en\/#website","url":"https:\/\/encoded.dk\/en\/","name":"Encoded","description":"Because design matters","publisher":{"@id":"https:\/\/encoded.dk\/en\/#organization"},"potentialAction":[{"@type":"SearchAction","target":{"@type":"EntryPoint","urlTemplate":"https:\/\/encoded.dk\/en\/?s={search_term_string}"},"query-input":{"@type":"PropertyValueSpecification","valueRequired":true,"valueName":"search_term_string"}}],"inLanguage":"en-US"},{"@type":"Organization","@id":"https:\/\/encoded.dk\/en\/#organization","name":"Encoded","url":"https:\/\/encoded.dk\/en\/","logo":{"@type":"ImageObject","inLanguage":"en-US","@id":"https:\/\/encoded.dk\/en\/#\/schema\/logo\/image\/","url":"https:\/\/encoded.dk\/wp-content\/uploads\/2022\/05\/cropped-encoded-logo-e1652701795773.jpg","contentUrl":"https:\/\/encoded.dk\/wp-content\/uploads\/2022\/05\/cropped-encoded-logo-e1652701795773.jpg","width":500,"height":273,"caption":"Encoded"},"image":{"@id":"https:\/\/encoded.dk\/en\/#\/schema\/logo\/image\/"},"sameAs":["https:\/\/www.facebook.com\/www.encoded.dk","https:\/\/www.instagram.com\/encodeddesignstudio\/"]}]}},"_links":{"self":[{"href":"https:\/\/encoded.dk\/en\/wp-json\/wp\/v2\/product\/2898","targetHints":{"allow":["GET"]}}],"collection":[{"href":"https:\/\/encoded.dk\/en\/wp-json\/wp\/v2\/product"}],"about":[{"href":"https:\/\/encoded.dk\/en\/wp-json\/wp\/v2\/types\/product"}],"wp:featuredmedia":[{"embeddable":true,"href":"https:\/\/encoded.dk\/en\/wp-json\/wp\/v2\/media\/2597"}],"wp:attachment":[{"href":"https:\/\/encoded.dk\/en\/wp-json\/wp\/v2\/media?parent=2898"}],"wp:term":[{"taxonomy":"product_brand","embeddable":true,"href":"https:\/\/encoded.dk\/en\/wp-json\/wp\/v2\/product_brand?post=2898"},{"taxonomy":"product_cat","embeddable":true,"href":"https:\/\/encoded.dk\/en\/wp-json\/wp\/v2\/product_cat?post=2898"},{"taxonomy":"product_tag","embeddable":true,"href":"https:\/\/encoded.dk\/en\/wp-json\/wp\/v2\/product_tag?post=2898"}],"curies":[{"name":"wp","href":"https:\/\/api.w.org\/{rel}","templated":true}]}}